{"id":52,"date":"2014-04-30T19:22:32","date_gmt":"2014-04-30T19:22:32","guid":{"rendered":"http:\/\/kohnen-rheine.de\/?page_id=52"},"modified":"2014-05-06T05:41:40","modified_gmt":"2014-05-06T05:41:40","slug":"kontakt","status":"publish","type":"page","link":"https:\/\/kohnen-rheine.de\/?page_id=52","title":{"rendered":"\u00dcber mich"},"content":{"rendered":"<p style=\"text-align: left; padding-left: 30px;\"><strong><img loading=\"lazy\" class=\"aligncenter size-full wp-image-229\" alt=\"Hermann_Dublex3\" src=\"https:\/\/kohnen-rheine.de\/wp-content\/uploads\/2014\/04\/Hermann_Dublex31.jpg\" width=\"100\" height=\"150\" \/><\/strong>Fotografieren ist f\u00fcr mich nicht nur ein sch\u00f6nes Hobby sondern auch eine Leidenschaft. Angefangen habe ich zun\u00e4chst analog. Intensiviert habe ich mein Hobby mit dem Aufkommen der digitalen Fotografie und den damit verbundenen M\u00f6glichkeiten zum Experimentieren. Seitdem bin ich immer auf der Suche nach Motiven, dem richtigen Licht und auch Effekt. Digitale Bildnachbearbeitung ist f\u00fcr mich kein Teufelszeug, sondern sehe ich als konsequente Weiterentwicklung des Handwerkszeugs eines Fotografen, wobei selbstverst\u00e4ndlich das Ausgangsmaterial stimmen muss.<\/p>\n<p style=\"text-align: left; padding-left: 30px;\">Seit 2011 bin ich Mitglied im\u00a0<a title=\"Blende4\" href=\"http:\/\/www.blende4-rheine.de\" target=\"_blank\"><span style=\"line-height: 1.5em;\">Fotoclu<\/span><\/a><span style=\"line-height: 1.5em;\"><a title=\"Blende4\" href=\"http:\/\/www.blende4-rheine.de\" target=\"_blank\">b Blende 4 Rheine<\/a>.<\/span><\/p>\n<p style=\"text-align: left; padding-left: 30px;\"><a title=\"Blende 4 Rheine\" href=\"http:\/\/www.blende4-rheine.de\" target=\"_blank\"><!--more--><\/a><\/p>\n","protected":false},"excerpt":{"rendered":"<p>Fotografieren ist f\u00fcr mich nicht nur ein sch\u00f6nes Hobby sondern auch eine Leidenschaft. Angefangen habe ich zun\u00e4chst analog. Intensiviert habe ich mein Hobby&#8230;<\/p>\n","protected":false},"author":1,"featured_media":0,"parent":0,"menu_order":0,"comment_status":"open","ping_status":"open","template":"","meta":[],"_links":{"self":[{"href":"https:\/\/kohnen-rheine.de\/index.php?rest_route=\/wp\/v2\/pages\/52"}],"collection":[{"href":"https:\/\/kohnen-rheine.de\/index.php?rest_route=\/wp\/v2\/pages"}],"about":[{"href":"https:\/\/kohnen-rheine.de\/index.php?rest_route=\/wp\/v2\/types\/page"}],"author":[{"embeddable":true,"href":"https:\/\/kohnen-rheine.de\/index.php?rest_route=\/wp\/v2\/users\/1"}],"replies":[{"embeddable":true,"href":"https:\/\/kohnen-rheine.de\/index.php?rest_route=%2Fwp%2Fv2%2Fcomments&post=52"}],"version-history":[{"count":16,"href":"https:\/\/kohnen-rheine.de\/index.php?rest_route=\/wp\/v2\/pages\/52\/revisions"}],"predecessor-version":[{"id":221,"href":"https:\/\/kohnen-rheine.de\/index.php?rest_route=\/wp\/v2\/pages\/52\/revisions\/221"}],"wp:attachment":[{"href":"https:\/\/kohnen-rheine.de\/index.php?rest_route=%2Fwp%2Fv2%2Fmedia&parent=52"}],"curies":[{"name":"wp","href":"https:\/\/api.w.org\/{rel}","templated":true}]}}